{"id":3251,"date":"2025-08-06T12:48:22","date_gmt":"2025-08-06T10:48:22","guid":{"rendered":"https:\/\/onlineinfluence.com\/?page_id=3251"},"modified":"2025-10-15T11:57:52","modified_gmt":"2025-10-15T09:57:52","slug":"thank-you","status":"publish","type":"page","link":"https:\/\/onlineinfluence.com\/es\/thank-you\/","title":{"rendered":"Thank you"},"content":{"rendered":"\t\t<div data-elementor-type=\"wp-page\" data-elementor-id=\"3251\" class=\"elementor elementor-3251 elementor-197\" data-elementor-post-type=\"page\">\n\t\t\t\t<div class=\"elementor-element elementor-element-d8227b1 e-flex e-con-boxed e-con e-parent\" data-id=\"d8227b1\" data-element_type=\"container\" data-e-type=\"container\">\n\t\t\t\t\t<div class=\"e-con-inner\">\n\t\t<div class=\"elementor-element elementor-element-f3bd834 e-con-full e-flex e-con e-child\" data-id=\"f3bd834\" data-element_type=\"container\" data-e-type=\"container\">\n\t\t\t\t<div class=\"elementor-element elementor-element-5de59ea elementor-widget elementor-widget-heading\" data-id=\"5de59ea\" data-element_type=\"widget\" data-e-type=\"widget\" data-widget_type=\"heading.default\">\n\t\t\t\t<div class=\"elementor-widget-container\">\n\t\t\t\t\t<h1 class=\"elementor-heading-title elementor-size-default\">\u00a1Gracias por registrarte!\n<\/h1>\t\t\t\t<\/div>\n\t\t\t\t<\/div>\n\t\t\t\t<div class=\"elementor-element elementor-element-2a65fff elementor-widget elementor-widget-heading\" data-id=\"2a65fff\" data-element_type=\"widget\" data-e-type=\"widget\" data-widget_type=\"heading.default\">\n\t\t\t\t<div class=\"elementor-widget-container\">\n\t\t\t\t\t<span class=\"elementor-heading-title elementor-size-default\">Enseguida recibir\u00e1s un correo electr\u00f3nico con tu confirmaci\u00f3n y una invitaci\u00f3n para tu\ncalendario.<\/span>\t\t\t\t<\/div>\n\t\t\t\t<\/div>\n\t\t\t\t<\/div>\n\t\t\t\t<div class=\"elementor-element elementor-element-17823f4 elementor-widget elementor-widget-html\" data-id=\"17823f4\" data-element_type=\"widget\" data-e-type=\"widget\" data-widget_type=\"html.default\">\n\t\t\t\t<div class=\"elementor-widget-container\">\n\t\t\t\t\t<script src=\"https:\/\/run.confettipage.com\/here.js\" data-confetticode=\"U2FsdGVkX18kUYC3Lfe0eSB663\/zYKrZKuxVq5KePJ8dxGGKkLs7QTEcusId+ecDYrp5ODlu1E3mVyweeuYYDi5JY\/rDT9EX32mV+PPhpptQsQdV9VOz9t8kz3f7+f6\/ZblPNrGpczEqjWtH8lKN2BMzxScpYRAdX6ETu5NEaJqMzljo\/PfZ9WToT9\/GzbZvAyDxNRdCxx7K\/8\/pWrdBcbyz3IHEuUNgtOtWn5b+06EeMtrOhhSxG9e+1sG9NYerftBs5TqqaITvI5s5B\/9sAq7b3UVrvQWZFxavAi4JoOO8NSZqcvm2mKuNqc3wwdq++5j5Tq1cVeOr+fBGHEKIcwzIaHMXTgvzZX4BvjvC9wnenAxG9388HD2yoadexK1NqL4PDn1LsFWNKGO1UyxADysC6DCir8wfgus4HwWq9RhA5LLJBUsb6q07Tkpe5\/Bzu1BfGVm3TzGQ1dMAWfJSgaoS3yIHp+xlaoj1WYzwI+s5Unfrc\/uA6Kq6KC2egyKR87+UoFdlQFtCHYKHzKM3pUyETGMFoOAQsr4sxEDtvhhFs\/mUJZJWxabnzwWkejr\/rg\/SkYcKyufzqlspztXMepJ7MDpUEjiriDioJWDyEF93u24V\/XJVn1vR7FCDnDgTPAyJFaPx1swk9h\/s\/UWKJxbOhAZgrMeSquVkzXoUfIOqa0IA7W4BOZTpaGNxsyNJDf+BSsiiyyv4mC+W9WOpR2ZKpGaFkiuFNYk3KUF8lY7Csh4OO5Jwj5WC69ATVillhA8pOLnHI2CRMnPRFTZfGg==\"><\/script>\t\t\t\t<\/div>\n\t\t\t\t<\/div>\n\t\t\t\t\t<\/div>\n\t\t\t\t<\/div>\n\t\t\t\t<\/div>\n\t\t","protected":false},"excerpt":{"rendered":"<p>\u00a1Gracias por registrarte! Enseguida recibir\u00e1s un correo electr\u00f3nico con tu confirmaci\u00f3n y una invitaci\u00f3n para tu calendario.<\/p>\n","protected":false},"author":6,"featured_media":0,"parent":0,"menu_order":3,"comment_status":"closed","ping_status":"closed","template":"","meta":{"_acf_changed":false,"footnotes":""},"class_list":["post-3251","page","type-page","status-publish","hentry"],"acf":[],"yoast_head":"<!-- This site is optimized with the Yoast SEO plugin v27.3 - https:\/\/yoast.com\/product\/yoast-seo-wordpress\/ -->\n<title>Thank you - Online Influence Institute<\/title>\n<meta name=\"robots\" content=\"index, follow, max-snippet:-1, max-image-preview:large, max-video-preview:-1\" \/>\n<link rel=\"canonical\" href=\"https:\/\/onlineinfluence.com\/es\/thank-you\/\" \/>\n<meta property=\"og:locale\" content=\"es_ES\" \/>\n<meta property=\"og:type\" content=\"article\" \/>\n<meta property=\"og:title\" content=\"Thank you - Online Influence Institute\" \/>\n<meta property=\"og:description\" content=\"\u00a1Gracias por registrarte! Enseguida recibir\u00e1s un correo electr\u00f3nico con tu confirmaci\u00f3n y una invitaci\u00f3n para tu calendario.\" \/>\n<meta property=\"og:url\" content=\"https:\/\/onlineinfluence.com\/es\/thank-you\/\" \/>\n<meta property=\"og:site_name\" content=\"Online Influence Institute\" \/>\n<meta property=\"article:modified_time\" content=\"2025-10-15T09:57:52+00:00\" \/>\n<meta name=\"twitter:card\" content=\"summary_large_image\" \/>\n<meta name=\"twitter:label1\" content=\"Tiempo de lectura\" \/>\n\t<meta name=\"twitter:data1\" content=\"1 minuto\" \/>\n<script type=\"application\/ld+json\" class=\"yoast-schema-graph\">{\"@context\":\"https:\\\/\\\/schema.org\",\"@graph\":[{\"@type\":\"WebPage\",\"@id\":\"https:\\\/\\\/onlineinfluence.com\\\/es\\\/thank-you\\\/\",\"url\":\"https:\\\/\\\/onlineinfluence.com\\\/es\\\/thank-you\\\/\",\"name\":\"Thank you - Online Influence Institute\",\"isPartOf\":{\"@id\":\"https:\\\/\\\/onlineinfluence.com\\\/es\\\/#website\"},\"datePublished\":\"2025-08-06T10:48:22+00:00\",\"dateModified\":\"2025-10-15T09:57:52+00:00\",\"breadcrumb\":{\"@id\":\"https:\\\/\\\/onlineinfluence.com\\\/es\\\/thank-you\\\/#breadcrumb\"},\"inLanguage\":\"es\",\"potentialAction\":[{\"@type\":\"ReadAction\",\"target\":[\"https:\\\/\\\/onlineinfluence.com\\\/es\\\/thank-you\\\/\"]}]},{\"@type\":\"BreadcrumbList\",\"@id\":\"https:\\\/\\\/onlineinfluence.com\\\/es\\\/thank-you\\\/#breadcrumb\",\"itemListElement\":[{\"@type\":\"ListItem\",\"position\":1,\"name\":\"Home\",\"item\":\"https:\\\/\\\/onlineinfluence.com\\\/es\\\/\"},{\"@type\":\"ListItem\",\"position\":2,\"name\":\"Thank you\"}]},{\"@type\":\"WebSite\",\"@id\":\"https:\\\/\\\/onlineinfluence.com\\\/es\\\/#website\",\"url\":\"https:\\\/\\\/onlineinfluence.com\\\/es\\\/\",\"name\":\"Online Influence Institute\",\"description\":\"Boost Yours Online Conversions\",\"publisher\":{\"@id\":\"https:\\\/\\\/onlineinfluence.com\\\/es\\\/#organization\"},\"potentialAction\":[{\"@type\":\"SearchAction\",\"target\":{\"@type\":\"EntryPoint\",\"urlTemplate\":\"https:\\\/\\\/onlineinfluence.com\\\/es\\\/?s={search_term_string}\"},\"query-input\":{\"@type\":\"PropertyValueSpecification\",\"valueRequired\":true,\"valueName\":\"search_term_string\"}}],\"inLanguage\":\"es\"},{\"@type\":\"Organization\",\"@id\":\"https:\\\/\\\/onlineinfluence.com\\\/es\\\/#organization\",\"name\":\"Online Influence Institute\",\"url\":\"https:\\\/\\\/onlineinfluence.com\\\/es\\\/\",\"logo\":{\"@type\":\"ImageObject\",\"inLanguage\":\"es\",\"@id\":\"https:\\\/\\\/onlineinfluence.com\\\/es\\\/#\\\/schema\\\/logo\\\/image\\\/\",\"url\":\"https:\\\/\\\/onlineinfluence.com\\\/wp-content\\\/uploads\\\/2025\\\/08\\\/Logo-OII-RGB.svg\",\"contentUrl\":\"https:\\\/\\\/onlineinfluence.com\\\/wp-content\\\/uploads\\\/2025\\\/08\\\/Logo-OII-RGB.svg\",\"width\":223,\"height\":103,\"caption\":\"Online Influence Institute\"},\"image\":{\"@id\":\"https:\\\/\\\/onlineinfluence.com\\\/es\\\/#\\\/schema\\\/logo\\\/image\\\/\"}}]}<\/script>\n<!-- \/ Yoast SEO plugin. -->","yoast_head_json":{"title":"Thank you - Online Influence Institute","robots":{"index":"index","follow":"follow","max-snippet":"max-snippet:-1","max-image-preview":"max-image-preview:large","max-video-preview":"max-video-preview:-1"},"canonical":"https:\/\/onlineinfluence.com\/es\/thank-you\/","og_locale":"es_ES","og_type":"article","og_title":"Thank you - Online Influence Institute","og_description":"\u00a1Gracias por registrarte! Enseguida recibir\u00e1s un correo electr\u00f3nico con tu confirmaci\u00f3n y una invitaci\u00f3n para tu calendario.","og_url":"https:\/\/onlineinfluence.com\/es\/thank-you\/","og_site_name":"Online Influence Institute","article_modified_time":"2025-10-15T09:57:52+00:00","twitter_card":"summary_large_image","twitter_misc":{"Tiempo de lectura":"1 minuto"},"schema":{"@context":"https:\/\/schema.org","@graph":[{"@type":"WebPage","@id":"https:\/\/onlineinfluence.com\/es\/thank-you\/","url":"https:\/\/onlineinfluence.com\/es\/thank-you\/","name":"Thank you - Online Influence Institute","isPartOf":{"@id":"https:\/\/onlineinfluence.com\/es\/#website"},"datePublished":"2025-08-06T10:48:22+00:00","dateModified":"2025-10-15T09:57:52+00:00","breadcrumb":{"@id":"https:\/\/onlineinfluence.com\/es\/thank-you\/#breadcrumb"},"inLanguage":"es","potentialAction":[{"@type":"ReadAction","target":["https:\/\/onlineinfluence.com\/es\/thank-you\/"]}]},{"@type":"BreadcrumbList","@id":"https:\/\/onlineinfluence.com\/es\/thank-you\/#breadcrumb","itemListElement":[{"@type":"ListItem","position":1,"name":"Home","item":"https:\/\/onlineinfluence.com\/es\/"},{"@type":"ListItem","position":2,"name":"Thank you"}]},{"@type":"WebSite","@id":"https:\/\/onlineinfluence.com\/es\/#website","url":"https:\/\/onlineinfluence.com\/es\/","name":"Online Influence Institute","description":"Boost Yours Online Conversions","publisher":{"@id":"https:\/\/onlineinfluence.com\/es\/#organization"},"potentialAction":[{"@type":"SearchAction","target":{"@type":"EntryPoint","urlTemplate":"https:\/\/onlineinfluence.com\/es\/?s={search_term_string}"},"query-input":{"@type":"PropertyValueSpecification","valueRequired":true,"valueName":"search_term_string"}}],"inLanguage":"es"},{"@type":"Organization","@id":"https:\/\/onlineinfluence.com\/es\/#organization","name":"Online Influence Institute","url":"https:\/\/onlineinfluence.com\/es\/","logo":{"@type":"ImageObject","inLanguage":"es","@id":"https:\/\/onlineinfluence.com\/es\/#\/schema\/logo\/image\/","url":"https:\/\/onlineinfluence.com\/wp-content\/uploads\/2025\/08\/Logo-OII-RGB.svg","contentUrl":"https:\/\/onlineinfluence.com\/wp-content\/uploads\/2025\/08\/Logo-OII-RGB.svg","width":223,"height":103,"caption":"Online Influence Institute"},"image":{"@id":"https:\/\/onlineinfluence.com\/es\/#\/schema\/logo\/image\/"}}]}},"_links":{"self":[{"href":"https:\/\/onlineinfluence.com\/es\/wp-json\/wp\/v2\/pages\/3251","targetHints":{"allow":["GET"]}}],"collection":[{"href":"https:\/\/onlineinfluence.com\/es\/wp-json\/wp\/v2\/pages"}],"about":[{"href":"https:\/\/onlineinfluence.com\/es\/wp-json\/wp\/v2\/types\/page"}],"author":[{"embeddable":true,"href":"https:\/\/onlineinfluence.com\/es\/wp-json\/wp\/v2\/users\/6"}],"replies":[{"embeddable":true,"href":"https:\/\/onlineinfluence.com\/es\/wp-json\/wp\/v2\/comments?post=3251"}],"version-history":[{"count":4,"href":"https:\/\/onlineinfluence.com\/es\/wp-json\/wp\/v2\/pages\/3251\/revisions"}],"predecessor-version":[{"id":3279,"href":"https:\/\/onlineinfluence.com\/es\/wp-json\/wp\/v2\/pages\/3251\/revisions\/3279"}],"wp:attachment":[{"href":"https:\/\/onlineinfluence.com\/es\/wp-json\/wp\/v2\/media?parent=3251"}],"curies":[{"name":"wp","href":"https:\/\/api.w.org\/{rel}","templated":true}]}}